{"id":47,"date":"2017-08-30T13:53:57","date_gmt":"2017-08-30T11:53:57","guid":{"rendered":"http:\/\/www.increasegoaltending.com\/?page_id=47"},"modified":"2018-10-19T21:29:07","modified_gmt":"2018-10-19T19:29:07","slug":"anmeldung","status":"publish","type":"page","link":"http:\/\/www.increasegoaltending.com\/de_DE\/anmeldung\/","title":{"rendered":"Anmeldung"},"content":{"rendered":"<p>[vc_row][vc_column][vc_text_separator title=&#8220;Anmeldung&#8220; color=&#8220;black&#8220; style=&#8220;shadow&#8220; border_width=&#8220;2&#8243;][vc_empty_space height=&#8220;40px&#8220;][\/vc_column][\/vc_row][vc_row][vc_column width=&#8220;1\/2&#8243;]<div role=\"form\" class=\"wpcf7\" id=\"wpcf7-f377-o1\" lang=\"de-DE\" dir=\"ltr\">\n<div class=\"screen-reader-response\"><p role=\"status\" aria-live=\"polite\" aria-atomic=\"true\"><\/p> <ul><\/ul><\/div>\n<form action=\"\/de_DE\/wp-json\/wp\/v2\/pages\/47#wpcf7-f377-o1\" method=\"post\" class=\"wpcf7-form init\" novalidate=\"novalidate\" data-status=\"init\">\n<div style=\"display: none;\">\n<input type=\"hidden\" name=\"_wpcf7\" value=\"377\" \/>\n<input type=\"hidden\" name=\"_wpcf7_version\" value=\"5.3.2\" \/>\n<input type=\"hidden\" name=\"_wpcf7_locale\" value=\"de_DE\" \/>\n<input type=\"hidden\" name=\"_wpcf7_unit_tag\" value=\"wpcf7-f377-o1\" \/>\n<input type=\"hidden\" name=\"_wpcf7_container_post\" value=\"0\" \/>\n<input type=\"hidden\" name=\"_wpcf7_posted_data_hash\" value=\"\" \/>\n<\/div>\n<p><label> Name des Torh\u00fcters *<br \/>\n    <span class=\"wpcf7-form-control-wrap TName\"><input type=\"text\" name=\"TName\" value=\"\" size=\"40\" class=\"wpcf7-form-control wpcf7-text wpcf7-validates-as-required\" aria-required=\"true\" aria-invalid=\"false\" \/><\/span> <\/label><\/p>\n<p><label> Name des Erziehungsberechtigten *<br \/>\n    <span class=\"wpcf7-form-control-wrap EName\"><input type=\"text\" name=\"EName\" value=\"\" size=\"40\" class=\"wpcf7-form-control wpcf7-text wpcf7-validates-as-required\" aria-required=\"true\" aria-invalid=\"false\" \/><\/span> <\/label><\/p>\n<p><label> Adresse, PLZ *<br \/>\n    <span class=\"wpcf7-form-control-wrap Adresse\"><input type=\"text\" name=\"Adresse\" value=\"\" size=\"40\" class=\"wpcf7-form-control wpcf7-text wpcf7-validates-as-required\" aria-required=\"true\" aria-invalid=\"false\" \/><\/span> <\/label><\/p>\n<p><label> Telefonnummer f\u00fcr R\u00fcckfragen *<br \/>\n    <span class=\"wpcf7-form-control-wrap Telefonnummer\"><input type=\"text\" name=\"Telefonnummer\" value=\"\" size=\"40\" class=\"wpcf7-form-control wpcf7-text wpcf7-validates-as-required\" aria-required=\"true\" aria-invalid=\"false\" placeholder=\"+43xxxxxxxxxx\" \/><\/span> <\/label><\/p>\n<p><label> E-Mail Adresse *<br \/>\n    <span class=\"wpcf7-form-control-wrap dein-email\"><input type=\"email\" name=\"dein-email\" value=\"\" size=\"40\" class=\"wpcf7-form-control wpcf7-text wpcf7-email wpcf7-validates-as-required wpcf7-validates-as-email\" aria-required=\"true\" aria-invalid=\"false\" \/><\/span> <\/label><\/p>\n<p><label> Geburtsdatum des Spielers *<br \/>\n    <span class=\"wpcf7-form-control-wrap Geburtsdatum\"><input type=\"text\" name=\"Geburtsdatum\" value=\"\" size=\"40\" class=\"wpcf7-form-control wpcf7-text wpcf7-validates-as-required\" aria-required=\"true\" aria-invalid=\"false\" \/><\/span> <\/label><\/p>\n<p><label> Verein *<br \/>\n    <span class=\"wpcf7-form-control-wrap Verein\"><input type=\"text\" name=\"Verein\" value=\"\" size=\"40\" class=\"wpcf7-form-control wpcf7-text wpcf7-validates-as-required\" aria-required=\"true\" aria-invalid=\"false\" \/><\/span> <\/label><\/p>\n<p><label> Gewicht in kg *<br \/>\n    <span class=\"wpcf7-form-control-wrap gewicht\"><input type=\"text\" name=\"gewicht\" value=\"\" size=\"40\" class=\"wpcf7-form-control wpcf7-text wpcf7-validates-as-required\" aria-required=\"true\" aria-invalid=\"false\" \/><\/span> <\/label><\/p>\n<p><label> Konfektionsgr\u00f6\u00dfe *<br \/>\n    <span class=\"wpcf7-form-control-wrap konfektionsgroesse\"><input type=\"text\" name=\"konfektionsgroesse\" value=\"\" size=\"40\" class=\"wpcf7-form-control wpcf7-text wpcf7-validates-as-required\" aria-required=\"true\" aria-invalid=\"false\" \/><\/span> <\/label><\/p>\n<p><label> K\u00f6rpergr\u00f6\u00dfe *<br \/>\n    <span class=\"wpcf7-form-control-wrap koerpergroesse\"><input type=\"text\" name=\"koerpergroesse\" value=\"\" size=\"40\" class=\"wpcf7-form-control wpcf7-text wpcf7-validates-as-required\" aria-required=\"true\" aria-invalid=\"false\" \/><\/span> <\/label><\/p>\n<p><text><b><br \/>\nBitte w\u00e4hlen sie die Unterkunftsm\u00f6glichkeit <\/b><\/text><br \/>\n<span class=\"wpcf7-form-control-wrap Wochenauswahl\"><select name=\"Wochenauswahl\" class=\"wpcf7-form-control wpcf7-select wpcf7-validates-as-required\" aria-required=\"true\" aria-invalid=\"false\"><option value=\"\">---<\/option><option value=\"mit Hotel - 850 Euro\">mit Hotel - 850 Euro<\/option><option value=\"ohne Hotel - 750 Euro\">ohne Hotel - 750 Euro<\/option><\/select><\/span><\/p>\n<p><input type=\"submit\" value=\"Send\" class=\"wpcf7-form-control wpcf7-submit\" \/><\/p>\n<div class=\"wpcf7-response-output\" aria-hidden=\"true\"><\/div><\/form><\/div>[\/vc_column][vc_column width=&#8220;1\/2&#8243;][vc_empty_space height=&#8220;650px&#8220; css=&#8220;.vc_custom_1513020387154{background-image: url(http:\/\/www.increasegoaltending.com\/wp-content\/uploads\/2017\/09\/Logo_ICG.png?id=229) !important;background-position: center !important;background-repeat: no-repeat !important;background-size: contain !important;}&#8220;][\/vc_column][\/vc_row][vc_row][vc_column][vc_empty_space height=&#8220;50px&#8220;][vc_separator color=&#8220;black&#8220; style=&#8220;shadow&#8220; border_width=&#8220;2&#8243;][\/vc_column][\/vc_row][vc_row][vc_column][\/vc_column][\/vc_row]<\/p>\n","protected":false},"excerpt":{"rendered":"<p>[vc_row][vc_column][vc_text_separator title=&#8220;Anmeldung&#8220; color=&#8220;black&#8220; style=&#8220;shadow&#8220; border_width=&#8220;2&#8243;][vc_empty_space height=&#8220;40px&#8220;][\/vc_column][\/vc_row][vc_row][vc_column width=&#8220;1\/2&#8243;]<div role=\"form\" class=\"wpcf7\" id=\"wpcf7-f377-o2\" lang=\"de-DE\" dir=\"ltr\">\n<div class=\"screen-reader-response\"><p role=\"status\" aria-live=\"polite\" aria-atomic=\"true\"><\/p> <ul><\/ul><\/div>\n<form action=\"\/de_DE\/wp-json\/wp\/v2\/pages\/47#wpcf7-f377-o2\" method=\"post\" class=\"wpcf7-form init\" novalidate=\"novalidate\" data-status=\"init\">\n<div style=\"display: none;\">\n<input type=\"hidden\" name=\"_wpcf7\" value=\"377\" \/>\n<input type=\"hidden\" name=\"_wpcf7_version\" value=\"5.3.2\" \/>\n<input type=\"hidden\" name=\"_wpcf7_locale\" value=\"de_DE\" \/>\n<input type=\"hidden\" name=\"_wpcf7_unit_tag\" value=\"wpcf7-f377-o2\" \/>\n<input type=\"hidden\" name=\"_wpcf7_container_post\" value=\"0\" \/>\n<input type=\"hidden\" name=\"_wpcf7_posted_data_hash\" value=\"\" \/>\n<\/div>\n<p><label> Name des Torh\u00fcters *<br \/>\n    <span class=\"wpcf7-form-control-wrap TName\"><input type=\"text\" name=\"TName\" value=\"\" size=\"40\" class=\"wpcf7-form-control wpcf7-text wpcf7-validates-as-required\" aria-required=\"true\" aria-invalid=\"false\" \/><\/span> <\/label><\/p>\n<p><label> Name des Erziehungsberechtigten *<br \/>\n    <span class=\"wpcf7-form-control-wrap EName\"><input type=\"text\" name=\"EName\" value=\"\" size=\"40\" class=\"wpcf7-form-control wpcf7-text wpcf7-validates-as-required\" aria-required=\"true\" aria-invalid=\"false\" \/><\/span> <\/label><\/p>\n<p><label> Adresse, PLZ *<br \/>\n    <span class=\"wpcf7-form-control-wrap Adresse\"><input type=\"text\" name=\"Adresse\" value=\"\" size=\"40\" class=\"wpcf7-form-control wpcf7-text wpcf7-validates-as-required\" aria-required=\"true\" aria-invalid=\"false\" \/><\/span> <\/label><\/p>\n<p><label> Telefonnummer f\u00fcr R\u00fcckfragen *<br \/>\n    <span class=\"wpcf7-form-control-wrap Telefonnummer\"><input type=\"text\" name=\"Telefonnummer\" value=\"\" size=\"40\" class=\"wpcf7-form-control wpcf7-text wpcf7-validates-as-required\" aria-required=\"true\" aria-invalid=\"false\" placeholder=\"+43xxxxxxxxxx\" \/><\/span> <\/label><\/p>\n<p><label> E-Mail Adresse *<br \/>\n    <span class=\"wpcf7-form-control-wrap dein-email\"><input type=\"email\" name=\"dein-email\" value=\"\" size=\"40\" class=\"wpcf7-form-control wpcf7-text wpcf7-email wpcf7-validates-as-required wpcf7-validates-as-email\" aria-required=\"true\" aria-invalid=\"false\" \/><\/span> <\/label><\/p>\n<p><label> Geburtsdatum des Spielers *<br \/>\n    <span class=\"wpcf7-form-control-wrap Geburtsdatum\"><input type=\"text\" name=\"Geburtsdatum\" value=\"\" size=\"40\" class=\"wpcf7-form-control wpcf7-text wpcf7-validates-as-required\" aria-required=\"true\" aria-invalid=\"false\" \/><\/span> <\/label><\/p>\n<p><label> Verein *<br \/>\n    <span class=\"wpcf7-form-control-wrap Verein\"><input type=\"text\" name=\"Verein\" value=\"\" size=\"40\" class=\"wpcf7-form-control wpcf7-text wpcf7-validates-as-required\" aria-required=\"true\" aria-invalid=\"false\" \/><\/span> <\/label><\/p>\n<p><label> Gewicht in kg *<br \/>\n    <span class=\"wpcf7-form-control-wrap gewicht\"><input type=\"text\" name=\"gewicht\" value=\"\" size=\"40\" class=\"wpcf7-form-control wpcf7-text wpcf7-validates-as-required\" aria-required=\"true\" aria-invalid=\"false\" \/><\/span> <\/label><\/p>\n<p><label> Konfektionsgr\u00f6\u00dfe *<br \/>\n    <span class=\"wpcf7-form-control-wrap konfektionsgroesse\"><input type=\"text\" name=\"konfektionsgroesse\" value=\"\" size=\"40\" class=\"wpcf7-form-control wpcf7-text wpcf7-validates-as-required\" aria-required=\"true\" aria-invalid=\"false\" \/><\/span> <\/label><\/p>\n<p><label> K\u00f6rpergr\u00f6\u00dfe *<br \/>\n    <span class=\"wpcf7-form-control-wrap koerpergroesse\"><input type=\"text\" name=\"koerpergroesse\" value=\"\" size=\"40\" class=\"wpcf7-form-control wpcf7-text wpcf7-validates-as-required\" aria-required=\"true\" aria-invalid=\"false\" \/><\/span> <\/label><\/p>\n<p><text><b><br \/>\nBitte w\u00e4hlen sie die Unterkunftsm\u00f6glichkeit <\/b><\/text><br \/>\n<span class=\"wpcf7-form-control-wrap Wochenauswahl\"><select name=\"Wochenauswahl\" class=\"wpcf7-form-control wpcf7-select wpcf7-validates-as-required\" aria-required=\"true\" aria-invalid=\"false\"><option value=\"\">---<\/option><option value=\"mit Hotel - 850 Euro\">mit Hotel - 850 Euro<\/option><option value=\"ohne Hotel - 750 Euro\">ohne Hotel - 750 Euro<\/option><\/select><\/span><\/p>\n<p><input type=\"submit\" value=\"Send\" class=\"wpcf7-form-control wpcf7-submit\" \/><\/p>\n<div class=\"wpcf7-response-output\" aria-hidden=\"true\"><\/div><\/form><\/div>[\/vc_c&#8230;<\/p>\n","protected":false},"author":1,"featured_media":0,"parent":0,"menu_order":0,"comment_status":"closed","ping_status":"closed","template":"","meta":[],"_links":{"self":[{"href":"http:\/\/www.increasegoaltending.com\/de_DE\/wp-json\/wp\/v2\/pages\/47"}],"collection":[{"href":"http:\/\/www.increasegoaltending.com\/de_DE\/wp-json\/wp\/v2\/pages"}],"about":[{"href":"http:\/\/www.increasegoaltending.com\/de_DE\/wp-json\/wp\/v2\/types\/page"}],"author":[{"embeddable":true,"href":"http:\/\/www.increasegoaltending.com\/de_DE\/wp-json\/wp\/v2\/users\/1"}],"replies":[{"embeddable":true,"href":"http:\/\/www.increasegoaltending.com\/de_DE\/wp-json\/wp\/v2\/comments?post=47"}],"version-history":[{"count":39,"href":"http:\/\/www.increasegoaltending.com\/de_DE\/wp-json\/wp\/v2\/pages\/47\/revisions"}],"predecessor-version":[{"id":1305,"href":"http:\/\/www.increasegoaltending.com\/de_DE\/wp-json\/wp\/v2\/pages\/47\/revisions\/1305"}],"wp:attachment":[{"href":"http:\/\/www.increasegoaltending.com\/de_DE\/wp-json\/wp\/v2\/media?parent=47"}],"curies":[{"name":"wp","href":"https:\/\/api.w.org\/{rel}","templated":true}]}}