{"id":464,"date":"2018-06-12T19:13:59","date_gmt":"2018-06-12T17:13:59","guid":{"rendered":"http:\/\/www.increasegoaltending.com\/?page_id=464"},"modified":"2019-01-07T13:31:58","modified_gmt":"2019-01-07T12:31:58","slug":"impressum","status":"publish","type":"page","link":"http:\/\/www.increasegoaltending.com\/de_DE\/impressum\/","title":{"rendered":"Impressum"},"content":{"rendered":"<p class=\"ng-scope\"><strong>Name:\u00a0<\/strong>In Crease Goaltending &#8211; Eishockeytorh\u00fcterausbildungsinstitut<br \/>\n<strong>Adresse:\u00a0<\/strong>2326 Maria Lanzendorf, Gartengasse 5\/4<br \/>\n<strong>Telefon:<\/strong>\u00a0+43 660 55 40 532<br \/>\n<strong>E-Mail:\u00a0<\/strong><strong><a href=\"office@increasegoaltending.com\">office@increasegoaltending.com<\/a><\/strong><\/p>\n<p class=\"ng-scope\"><strong>ZVR &#8211; Nr.:\u00a0<\/strong>1736570391<br \/>\n<strong>Zust\u00e4ndigkeit:\u00a0<\/strong>Landespolizeidirektion N\u00d6<br \/>\n<strong>IBAN:\u00a0<\/strong>AT 88 3451 0000 0393 7729<\/p>\n<p class=\"ng-scope\"><strong>Organische Verteter<\/strong>: Phillip Zopf, Moritz Mayer, David Kickert<\/p>\n<p>&nbsp;<\/p>\n<p>&nbsp;<\/p>\n<p>Haftungshinweis: Trotz sorgf\u00e4ltiger inhaltlicher Kontrolle \u00fcbernehmen wir keine Haftung f\u00fcr die Inhalte externer Links. F\u00fcr den Inhalt der verlinkten Seiten sind ausschlie\u00dflich deren Betreiber verantwortlich.<\/p>\n<p>Grundlegendes<\/p>\n<p>Diese Datenschutzerkl\u00e4rung soll die Nutzer dieser Website \u00fcber die Art, den Umfang und den Zweck der Erhebung und Verwendung personenbezogener Daten durch den Websitebetreiber\u00a0InCrease Goaltending\u00a0informieren. Der Websitebetreiber nimmt Ihren Datenschutz sehr ernst und behandelt Ihre personenbezogenen Daten vertraulich und entsprechend der gesetzlichen Vorschriften. Da durch neue Technologien und die st\u00e4ndige Weiterentwicklung dieser Webseite \u00c4nderungen an dieser Datenschutzerkl\u00e4rung vorgenommen werden k\u00f6nnen, empfehlen wir Ihnen sich die Datenschutzerkl\u00e4rung in regelm\u00e4\u00dfigen Abst\u00e4nden wieder durchzulesen. Definitionen der verwendeten Begriffe (z.B. \u201cpersonenbezogene Daten\u201d oder \u201cVerarbeitung\u201d) finden Sie in Art. 4 DSGVO<\/p>\n<p><span data-ccp-props=\"{&quot;201341983&quot;:0,&quot;335559739&quot;:0,&quot;335559740&quot;:240}\">\u00a0<\/span><\/p>\n<p>Umgang mit Kontaktdaten<\/p>\n<p><span data-ccp-props=\"{&quot;201341983&quot;:0,&quot;335559739&quot;:0,&quot;335559740&quot;:240}\">\u00a0<\/span>Nehmen Sie mit uns durch die angebotenen Kontaktm\u00f6glichkeiten Verbindung auf, werden Ihre Angaben gespeichert, damit auf diese zur Bearbeitung und Beantwortung Ihrer Anfrage zur\u00fcckgegriffen werden kann.\u00a0Ihre Daten werden vertraulich nur vom ICG\u00a0Staff\u00a0verarbeitet und ohne Ihre Einwilligung werden diese Daten nicht an Dritte weitergegeben.<\/p>\n<p><span data-ccp-props=\"{&quot;201341983&quot;:0,&quot;335559739&quot;:0,&quot;335559740&quot;:240}\">\u00a0<\/span><\/p>\n<p>Rechte des Nutzers<\/p>\n<p>Sie haben als Nutzer das Recht, auf Antrag eine kostenlose Auskunft dar\u00fcber zu erhalten, welche personenbezogenen Daten \u00fcber Sie gespeichert wurden. Sie haben au\u00dferdem das Recht auf Berichtigung falscher Daten und auf die Verarbeitungseinschr\u00e4nkung oder L\u00f6schung Ihrer personenbezogenen Daten. Falls zutreffend, k\u00f6nnen Sie auch Ihr Recht auf\u00a0Datenportabilit\u00e4t\u00a0geltend machen. Sollten Sie annehmen, dass Ihre Daten unrechtm\u00e4\u00dfig verarbeitet wurden, k\u00f6nnen Sie eine Beschwerde bei der zust\u00e4ndigen Aufsichtsbeh\u00f6rde einreichen.<\/p>\n<p><span data-ccp-props=\"{&quot;201341983&quot;:0,&quot;335559739&quot;:0,&quot;335559740&quot;:240}\">\u00a0<\/span><\/p>\n<p>L\u00f6schung von Daten<\/p>\n<p>Sofern Ihr Wunsch nicht mit einer gesetzlichen Pflicht zur Aufbewahrung von Daten (z. B. Vorratsdatenspeicherung) kollidiert, haben Sie ein Anrecht auf L\u00f6schung Ihrer Daten. Von uns gespeicherte Daten werden, sollten sie f\u00fcr ihre Zweckbestimmung nicht mehr vonn\u00f6ten sein und es keine gesetzlichen Aufbewahrungsfristen geben, gel\u00f6scht. Falls eine L\u00f6schung nicht durchgef\u00fchrt werden kann, da die Daten f\u00fcr zul\u00e4ssige gesetzliche Zwecke erforderlich sind, erfolgt eine Einschr\u00e4nkung der Datenverarbeitung. In diesem Fall werden die Daten gesperrt und nicht f\u00fcr andere Zwecke verarbeitet.<\/p>\n<p><span data-ccp-props=\"{&quot;201341983&quot;:0,&quot;335559739&quot;:0,&quot;335559740&quot;:240}\">\u00a0<\/span><\/p>\n<p>Widerspruchsrecht<\/p>\n<p>Nutzer dieser Webseite k\u00f6nnen von ihrem Widerspruchsrecht Gebrauch machen und der Verarbeitung ihrer personenbezogenen Daten zu jeder Zeit widersprechen. Wenn Sie eine Berichtigung, Sperrung, L\u00f6schung oder Auskunft \u00fcber die zu Ihrer Person gespeicherten personenbezogenen Daten w\u00fcnschen oder Fragen bzgl. der Erhebung, Verarbeitung oder Verwendung Ihrer personenbezogenen Daten haben oder erteilte Einwilligungen widerrufen m\u00f6chten, wenden Sie sich bitte an folgende E-Mail-Adresse:\u00a0<a href=\"mailto:office@increasegoaltending.com\">office@increasegoaltending.com<\/a>.<\/p>\n<p><span data-ccp-props=\"{&quot;201341983&quot;:0,&quot;335559739&quot;:0,&quot;335559740&quot;:240}\">\u00a0<\/span><\/p>\n<p><span data-ccp-props=\"{&quot;201341983&quot;:0,&quot;335559739&quot;:0,&quot;335559740&quot;:240}\">\u00a0<\/span>Newsletter-Abonnement<\/p>\n<p>Das ICG Team\u00a0bietet Ihnen einen Newsletter an, in welchem er Sie \u00fcber aktuelle Geschehnisse und Angebote informiert. M\u00f6chten Sie den Newsletter abonnieren, m\u00fcssen Sie eine valide E-Mail-Adresse angeben. Wenn Sie\u00a0sich auf unserer Website anmelden, erkl\u00e4ren Sie sich mit dem Newsletter-Empfang und den erl\u00e4uterten Verfahren einverstanden. Widerruf und K\u00fcndigung: Ihre Einwilligung zum Erhalt des Newsletters\u00a0k\u00f6nnen Sie jederzeit widerrufen und somit das Newsletter-Abonnement k\u00fcndigen. Nach Ihrer K\u00fcndigung erfolgt die L\u00f6schung Ihre personenbezogenen Daten. Ihre Einwilligung in den\u00a0Newsletterversand\u00a0erlischt gleichzeitig.\u00a0Um den Newsletter zu k\u00fcndigen, schreiben Sie bitte eine E-Mail an\u00a0<a href=\"mailto:office@increasegoaltending.com\">office@increasegoaltending.com<\/a>.<\/p>\n<p>&nbsp;<\/p>\n","protected":false},"excerpt":{"rendered":"<p class=\"ng-scope\"><strong>Name:\u00a0<\/strong>In Crease Goaltending &#8211; Eishockeytorh\u00fcterausbildungsinstitut<br \/>\n<strong>Adresse:\u00a0<\/strong>2326 Maria Lanzendorf, Gartengasse 5\/4<br \/>\n<strong>Telefon:<\/strong>\u00a0+43 660 55 40 532<br \/>\n<strong>E-Mail:\u00a0<\/strong><strong><...\n<\/p>\n","protected":false},"author":1,"featured_media":0,"parent":0,"menu_order":0,"comment_status":"closed","ping_status":"closed","template":"","meta":[],"_links":{"self":[{"href":"http:\/\/www.increasegoaltending.com\/de_DE\/wp-json\/wp\/v2\/pages\/464"}],"collection":[{"href":"http:\/\/www.increasegoaltending.com\/de_DE\/wp-json\/wp\/v2\/pages"}],"about":[{"href":"http:\/\/www.increasegoaltending.com\/de_DE\/wp-json\/wp\/v2\/types\/page"}],"author":[{"embeddable":true,"href":"http:\/\/www.increasegoaltending.com\/de_DE\/wp-json\/wp\/v2\/users\/1"}],"replies":[{"embeddable":true,"href":"http:\/\/www.increasegoaltending.com\/de_DE\/wp-json\/wp\/v2\/comments?post=464"}],"version-history":[{"count":5,"href":"http:\/\/www.increasegoaltending.com\/de_DE\/wp-json\/wp\/v2\/pages\/464\/revisions"}],"predecessor-version":[{"id":818,"href":"http:\/\/www.increasegoaltending.com\/de_DE\/wp-json\/wp\/v2\/pages\/464\/revisions\/818"}],"wp:attachment":[{"href":"http:\/\/www.increasegoaltending.com\/de_DE\/wp-json\/wp\/v2\/media?parent=464"}],"curies":[{"name":"wp","href":"https:\/\/api.w.org\/{rel}","templated":true}]}}