{"id":44,"date":"2017-08-30T13:53:34","date_gmt":"2017-08-30T11:53:34","guid":{"rendered":"http:\/\/www.increasegoaltending.com\/?page_id=44"},"modified":"2025-11-30T14:09:00","modified_gmt":"2025-11-30T13:09:00","slug":"angebot","status":"publish","type":"page","link":"http:\/\/www.increasegoaltending.com\/de_DE\/angebot\/","title":{"rendered":"Angebot"},"content":{"rendered":"<p>[vc_row][vc_column][vc_text_separator title=&#8220;Angebot&#8220; color=&#8220;black&#8220; style=&#8220;shadow&#8220; border_width=&#8220;2&#8243;][vc_empty_space][\/vc_column][\/vc_row][vc_row][vc_column][vc_column_text]<\/p>\n<p align=\"center\"><strong><span style=\"color: #666966;\"><span style=\"font-family: 'Trebuchet MS', sans-serif;\"><span style=\"font-size: medium;\">Wir von InCrease Goaltending haben ein umfangreiches Programm erstellt, um unseren Goalies alle Komponenten die es braucht ein erfolgreicher Torwart zu werden, n\u00e4her zu bringen. Vom Training bis zur Verpflegung bieten wir alles, was junge Goalies f\u00fcr eine erfolgreiche Trainingswoche brauchen.<\/span><\/span><\/span><\/strong><\/p>\n<p style=\"text-align: center;\"><strong>Datum: <\/strong><\/p>\n<p style=\"text-align: center;\"><strong>13.07.2026 &#8211; 17.07.2026&nbsp;<\/strong><\/p>\n<p><span style=\"color: #666966;\"><span style=\"font-family: 'Trebuchet MS', sans-serif;\"><span style=\"font-size: medium;\"><br \/>\nTraining<\/span><\/span><\/span><\/p>\n<ul>\n<li>Eistraining (jede Einheit mit Fokus auf spezielle Themengebiete)<img loading=\"lazy\" class=\"alignright wp-image-1108 \" src=\"http:\/\/www.increasegoaltending.com\/wp-content\/uploads\/2020\/12\/Kicks3_Slider-1-300x274.png\" alt=\"\" width=\"448\" height=\"409\" srcset=\"http:\/\/www.increasegoaltending.com\/wp-content\/uploads\/2020\/12\/Kicks3_Slider-1-300x274.png 300w, http:\/\/www.increasegoaltending.com\/wp-content\/uploads\/2020\/12\/Kicks3_Slider-1-768x702.png 768w, http:\/\/www.increasegoaltending.com\/wp-content\/uploads\/2020\/12\/Kicks3_Slider-1-1024x936.png 1024w, http:\/\/www.increasegoaltending.com\/wp-content\/uploads\/2020\/12\/Kicks3_Slider-1.png 1170w\" sizes=\"(max-width: 448px) 100vw, 448px\" \/><\/li>\n<li>max. 3 Torh\u00fcter pro Tor und Coach<\/li>\n<li>t\u00e4gliches Off Ice (Mobilisation, Kraft und Koordinationstraining)<\/li>\n<li>Mentalcoaching<\/li>\n<li>Yoga und Atemtraining<\/li>\n<li>individuelle Videoanalyse<\/li>\n<li>Sportbekleidung von Scoots und Warrior<\/li>\n<li>einzelne Feedbackgespr\u00e4che<\/li>\n<\/ul>\n<p><span style=\"color: #666966;\"><span style=\"font-family: 'Trebuchet MS', sans-serif;\"><span style=\"font-size: medium;\">Verpflegung<\/span><\/span><\/span><\/p>\n<ul>\n<li>3 gesunde Mahlzeiten am Tag (au\u00dfer Montag und Freitag)<\/li>\n<li>Nahrungserg\u00e4nzungsmittel (Riegel, Isotonische Getr\u00e4nke, Gel, etc.)<\/li>\n<li>Snacks f\u00fcr zwischendurch<\/li>\n<li>\u00dcbernachtung im Jugend- und <a href=\"http:\/\/www.hiyou.at\/\" target=\"_blank\" rel=\"noopener\">Familieng\u00e4stehaus St. Martin<\/a> (3 Gehminuten von der Stadthalle entfernt)<\/li>\n<li>Den Teilnehmern ist es freigestellt ob sie im Hotel oder ausw\u00e4rts schlafen. Bitte bei der Anmeldung anf\u00fchren ob der Teilnehmer die Unterkunft und 24 Std. Betreuung in Anspruch nimmt oder nur zu den Trainingszeiten erscheint. (Preis \u00e4ndert sich wie unterhalb angef\u00fchrt)<\/li>\n<\/ul>\n<p align=\"center\"><span style=\"color: #ff0000;\"><span style=\"font-family: 'Trebuchet MS', sans-serif;\"><span style=\"font-size: medium;\"><b>Preis: 13.07.2026 &#8211; 17.07.2026 mit Hotel 850\u20ac<\/b><\/span><\/span><\/span><\/p>\n<p align=\"center\"><span style=\"color: #ff0000;\"><span style=\"font-family: 'Trebuchet MS', sans-serif;\"><span style=\"font-size: medium;\"><b>Preis: 13.07.2026 &#8211; 17.07.2026 ohne Hotel (Mittagessen und Snacks zwischendurch) 750\u20ac<\/b><\/span><\/span><\/span><\/p>\n<p align=\"center\">\n<p align=\"center\"><span style=\"color: #666966;\"><span style=\"font-family: 'Trebuchet MS', sans-serif;\"><span style=\"font-size: medium;\"><b>Das Camp ist f\u00fcr Nachwuchsathleten ab der U9 vorgesehen. Danke f\u00fcr Ihr Verst\u00e4ndnis.<\/b><\/span><\/span><\/span><\/p>\n<p align=\"center\">Bei Fragen und Anregungen z\u00f6gern Sie nicht uns auf unserer <a href=\"https:\/\/www.facebook.com\/ICGoaltending\/\" target=\"_blank\" rel=\"noopener\">Facebook<\/a>&nbsp;Seite kontaktieren oder unter<\/p>\n<p align=\"center\"><span style=\"color: #666966;\"><span style=\"font-family: 'Trebuchet MS', sans-serif;\"><span style=\"font-size: medium;\"><b>office@increasegoaltending.com<\/b><\/span><\/span><\/span><\/p>\n<p>[\/vc_column_text][\/vc_column][\/vc_row][vc_row][vc_column][vc_btn title=&#8220;Jetzt Anmelden&#8220; color=&#8220;warning&#8220; align=&#8220;center&#8220; link=&#8220;url:http%3A%2F%2Fwww.increasegoaltending.com%2Fanmeldung%2F|title:Jetzt%20Anmelden!||&#8220; css=&#8220;.vc_custom_1540328484658{padding-top: 50px !important;}&#8220;][\/vc_column][\/vc_row]<\/p>\n","protected":false},"excerpt":{"rendered":"<p>[vc_row][vc_column][vc_text_separator title=&#8220;Angebot&#8220; color=&#8220;black&#8220; style=&#8220;shadow&#8220; border_width=&#8220;2&#8243;][vc_empty_space][\/vc_column][\/vc_row][vc_row][vc_column][vc_column_text]<\/p>\n<p align=\"center\"><strong><span style=\"color: #666966;\"><span style=\"font-fam...\n<\/p>\n","protected":false},"author":1,"featured_media":0,"parent":0,"menu_order":0,"comment_status":"closed","ping_status":"closed","template":"","meta":[],"_links":{"self":[{"href":"http:\/\/www.increasegoaltending.com\/de_DE\/wp-json\/wp\/v2\/pages\/44"}],"collection":[{"href":"http:\/\/www.increasegoaltending.com\/de_DE\/wp-json\/wp\/v2\/pages"}],"about":[{"href":"http:\/\/www.increasegoaltending.com\/de_DE\/wp-json\/wp\/v2\/types\/page"}],"author":[{"embeddable":true,"href":"http:\/\/www.increasegoaltending.com\/de_DE\/wp-json\/wp\/v2\/users\/1"}],"replies":[{"embeddable":true,"href":"http:\/\/www.increasegoaltending.com\/de_DE\/wp-json\/wp\/v2\/comments?post=44"}],"version-history":[{"count":100,"href":"http:\/\/www.increasegoaltending.com\/de_DE\/wp-json\/wp\/v2\/pages\/44\/revisions"}],"predecessor-version":[{"id":1444,"href":"http:\/\/www.increasegoaltending.com\/de_DE\/wp-json\/wp\/v2\/pages\/44\/revisions\/1444"}],"wp:attachment":[{"href":"http:\/\/www.increasegoaltending.com\/de_DE\/wp-json\/wp\/v2\/media?parent=44"}],"curies":[{"name":"wp","href":"https:\/\/api.w.org\/{rel}","templated":true}]}}