{"id":38,"date":"2017-08-30T13:52:24","date_gmt":"2017-08-30T11:52:24","guid":{"rendered":"http:\/\/www.increasegoaltending.com\/?page_id=38"},"modified":"2020-12-26T22:24:14","modified_gmt":"2020-12-26T21:24:14","slug":"philosophie","status":"publish","type":"page","link":"http:\/\/www.increasegoaltending.com\/de_DE\/philosophie\/","title":{"rendered":"Philosophie"},"content":{"rendered":"<p>[vc_row parallax=&#8220;content-moving&#8220;][vc_column][vc_text_separator title=&#8220;Philosophie&#8220; color=&#8220;black&#8220; style=&#8220;shadow&#8220; border_width=&#8220;2&#8243;][vc_empty_space height=&#8220;50px&#8220;][vc_column_text css_animation=&#8220;top-to-bottom&#8220; css=&#8220;.vc_custom_1609017700432{margin-top: 10px !important;margin-right: 10px !important;margin-bottom: 10px !important;margin-left: 10px !important;border-top-width: 10px !important;border-right-width: 10px !important;border-bottom-width: 10px !important;border-left-width: 10px !important;}&#8220;]<span style=\"font-family: 'Trebuchet MS', sans-serif; color: #000000; font-size: large;\"><b>Unser Ziel ist es, Goalies aller Altersstufen zu helfen ihr Spiel zu verbessern und sie dabei zu unterst\u00fctzen ihre Eishockeytr\u00e4ume zu verwirklichen. Wir glauben an individuelle Betreuung und an ma\u00dfgeschneiderte, moderne Trainingsmethoden, damit jeder Goalie sein maximales Potential abrufen kann.<\/b><\/span><\/p>\n<p style=\"text-align: left;\" align=\"center\"><span style=\"font-family: 'Trebuchet MS', sans-serif; color: #000000;\">Wir trainieren mit maximal zwei Teilnehmern pro Tor und Coach. Bei den \u00dcbungen gibt es dadurch immer genug Zeit Fragen zu stellen und eventuelle Unklarheiten zu besprechen, denn es ist uns wichtig, dass sich jeder Goalie Gedanken \u00fcber seine pers\u00f6nliche Spielweise macht. Wir wollen unseren Teilnehmern so viele Hilfsmittel wie m\u00f6glich mit auf den Weg geben, damit sie sp\u00e4ter selber entscheiden k\u00f6nnen, was ihrem Spiel den gr\u00f6\u00dften Vorteil verschaffen wird.<\/span><\/p>\n<p style=\"text-align: left;\" align=\"center\"><span style=\"font-family: 'Trebuchet MS', sans-serif; color: #000000;\"><img loading=\"lazy\" class=\"alignright wp-image-1101 \" src=\"http:\/\/www.increasegoaltending.com\/wp-content\/uploads\/2020\/12\/Fritz2_Slider-300x189.png\" alt=\"\" width=\"517\" height=\"325\" srcset=\"http:\/\/www.increasegoaltending.com\/wp-content\/uploads\/2020\/12\/Fritz2_Slider-300x189.png 300w, http:\/\/www.increasegoaltending.com\/wp-content\/uploads\/2020\/12\/Fritz2_Slider-768x484.png 768w, http:\/\/www.increasegoaltending.com\/wp-content\/uploads\/2020\/12\/Fritz2_Slider-1024x646.png 1024w, http:\/\/www.increasegoaltending.com\/wp-content\/uploads\/2020\/12\/Fritz2_Slider.png 1673w\" sizes=\"(max-width: 517px) 100vw, 517px\" \/>Wir sind fest davon \u00fcberzeugt, dass ein gezieltes, hochqualitatives Training weit effektiver ist, als eine Mischung vieler \u00dcbungen mit hoher Wiederholungszahl. Deswegen konzentrieren wir uns am Eis meist auf ein paar einfache Bewegungen mit wenigen Wiederholungen (6-8) und nehmen diese auf Video auf. Die richtige Ausf\u00fchrung ist dabei essentiell. Je \u00f6fter eine Bewegung einwandfrei gemacht wird, desto nat\u00fcrlicher f\u00fchlt sie sich f\u00fcr einen Goalie an. Da es im Spiel keine Zeit gibt, um \u00fcber Bewegungsabl\u00e4ufe nachzudenken, ist es notwendig, dass diese automatisch abgerufen werden k\u00f6nnen.<\/span><\/p>\n<p style=\"text-align: left;\" align=\"center\"><span style=\"font-family: 'Trebuchet MS', sans-serif; color: #000000;\">Unser Ziel ist es, dass alle Goalies nach dem Camp mit viel Motivation und Zuversicht in die n\u00e4chste Saison starten und dass die gelehrten Trainingsmethoden sie auch in Zukunft weiter bringen.<\/span><\/p>\n<p>[\/vc_column_text][\/vc_column][\/vc_row]<\/p>\n","protected":false},"excerpt":{"rendered":"<p>[vc_row parallax=&#8220;content-moving&#8220;][vc_column][vc_text_separator title=&#8220;Philosophie&#8220; color=&#8220;black&#8220; style=&#8220;shadow&#8220; border_width=&#8220;2&#8243;][vc_empty_space height=&#8220;50px&#8220;][vc_column_text css_animation=&#8220;top-to-bottom&#8220; css=&#8220;.vc_custom_1609017700432{margin-top: 10&#8230;<\/p>\n","protected":false},"author":1,"featured_media":0,"parent":0,"menu_order":0,"comment_status":"closed","ping_status":"closed","template":"","meta":[],"_links":{"self":[{"href":"http:\/\/www.increasegoaltending.com\/de_DE\/wp-json\/wp\/v2\/pages\/38"}],"collection":[{"href":"http:\/\/www.increasegoaltending.com\/de_DE\/wp-json\/wp\/v2\/pages"}],"about":[{"href":"http:\/\/www.increasegoaltending.com\/de_DE\/wp-json\/wp\/v2\/types\/page"}],"author":[{"embeddable":true,"href":"http:\/\/www.increasegoaltending.com\/de_DE\/wp-json\/wp\/v2\/users\/1"}],"replies":[{"embeddable":true,"href":"http:\/\/www.increasegoaltending.com\/de_DE\/wp-json\/wp\/v2\/comments?post=38"}],"version-history":[{"count":73,"href":"http:\/\/www.increasegoaltending.com\/de_DE\/wp-json\/wp\/v2\/pages\/38\/revisions"}],"predecessor-version":[{"id":1107,"href":"http:\/\/www.increasegoaltending.com\/de_DE\/wp-json\/wp\/v2\/pages\/38\/revisions\/1107"}],"wp:attachment":[{"href":"http:\/\/www.increasegoaltending.com\/de_DE\/wp-json\/wp\/v2\/media?parent=38"}],"curies":[{"name":"wp","href":"https:\/\/api.w.org\/{rel}","templated":true}]}}